{"id":14,"date":"2019-05-16T08:16:39","date_gmt":"2019-05-16T07:16:39","guid":{"rendered":"http:\/\/teodormoraru.ro\/?page_id=14"},"modified":"2021-06-01T07:20:02","modified_gmt":"2021-06-01T06:20:02","slug":"life","status":"publish","type":"page","link":"http:\/\/teodormoraru.ro\/?page_id=14","title":{"rendered":"Bio"},"content":{"rendered":"\n<p>Teodor Moraru (1938-2011) was born in \u00cend\u0103r\u0103ptnici (today Nuc\u0103reni), a village in today&#8217;s Republic of Moldova. In 1944 his family flees to Romania, settling in Fundata commune, in Bra\u0219ov county. <br>In 1963 Moraru graduates the Technical School of Architecture in Bucharest (STACO). During this time, however, his interest shifts towards painting, and in 1968 Moraru joins the Poiana M\u0103rului Group, an intellectual circle of artists founded by Horia Bernea. In 1971 Moraru holds his first solo exhibition at \u201cSimeza Gallery\u201d in Bucharest.<br>He died in Bucharest in 2011.<\/p>\n\n\n\n<p><strong>Selected Prizes and Honours<\/strong><\/p>\n\n\n\n<p>1991, The Special Prize of The Romanian Art Union<br>1993, \u201cIon Andreescu\u201d Prize from Romanian Academy<br>1996, First Prize for Painting \u2013&nbsp;<a>UNDP\/ ON<\/a>U<br>2001, First Prize for Painting of \u201cMillenium2001\u201d Exhibition<br>2001, Special Prize at \u201cLasc\u0103r Viorel\u201d Exhibition \u2013 Piatra Neam\u021b, Romania<br>2002, Prize for Painting \u2013 The Art Museum of Bac\u0103u, Romania<br>2004, The Prize of Minister of Culture of The Republic of Moldova<br>2004, Awarded the Cultural Distinction of a \u201cGreat Officer\u201d<br>2004, The Great Prize \u2013 The Romanian Art Union<\/p>\n\n\n\n<figure class=\"wp-block-image\"><img loading=\"lazy\" decoding=\"async\" width=\"720\" height=\"720\" src=\"http:\/\/teodormoraru.ro\/wp-content\/uploads\/2019\/10\/TM-in-studio-2007.jpg\" alt=\"\" class=\"wp-image-268\" srcset=\"http:\/\/teodormoraru.ro\/wp-content\/uploads\/2019\/10\/TM-in-studio-2007.jpg 720w, http:\/\/teodormoraru.ro\/wp-content\/uploads\/2019\/10\/TM-in-studio-2007-150x150.jpg 150w, http:\/\/teodormoraru.ro\/wp-content\/uploads\/2019\/10\/TM-in-studio-2007-300x300.jpg 300w, http:\/\/teodormoraru.ro\/wp-content\/uploads\/2019\/10\/TM-in-studio-2007-640x640.jpg 640w, http:\/\/teodormoraru.ro\/wp-content\/uploads\/2019\/10\/TM-in-studio-2007-128x128.jpg 128w, http:\/\/teodormoraru.ro\/wp-content\/uploads\/2019\/10\/TM-in-studio-2007-256x256.jpg 256w, http:\/\/teodormoraru.ro\/wp-content\/uploads\/2019\/10\/TM-in-studio-2007-512x512.jpg 512w\" sizes=\"(max-width: 720px) 100vw, 720px\" \/><figcaption>Teodor Moraru in his studio (2007)<\/figcaption><\/figure>\n\n\n\n<p><\/p>\n","protected":false},"excerpt":{"rendered":"<p>Teodor Moraru (1938-2011) was born in \u00cend\u0103r\u0103ptnici (today Nuc\u0103reni), a village in today&#8217;s Republic of Moldova. In 1944 his family flees to Romania, settling in Fundata commune, in Bra\u0219ov county. &#8230; <\/p>\n<div> <span class=\"clearfix\"> <a href=\"http:\/\/teodormoraru.ro\/?page_id=14\" class=\"more-link entry__more-link float-left\">Read More <span class=\"screen-reader-text sr-only\"> About: Bio <\/span><\/a><\/span> <\/div>\n","protected":false},"author":1,"featured_media":0,"parent":0,"menu_order":0,"comment_status":"closed","ping_status":"closed","template":"templates\/masonry-gallery.php","meta":{"mbm-layout":"","masonry_gallery_enable_secondary_view":true,"masonry_gallery_secondary_view":"slider","masonry_gallery_default_view":"slider","masonry_gallery_slider_enable_slideshow":false,"masonry_gallery_slider_slideshow_delay":2,"masonry_gallery_slider_transition_effect":"slide","footnotes":""},"_links":{"self":[{"href":"http:\/\/teodormoraru.ro\/index.php?rest_route=\/wp\/v2\/pages\/14"}],"collection":[{"href":"http:\/\/teodormoraru.ro\/index.php?rest_route=\/wp\/v2\/pages"}],"about":[{"href":"http:\/\/teodormoraru.ro\/index.php?rest_route=\/wp\/v2\/types\/page"}],"author":[{"embeddable":true,"href":"http:\/\/teodormoraru.ro\/index.php?rest_route=\/wp\/v2\/users\/1"}],"replies":[{"embeddable":true,"href":"http:\/\/teodormoraru.ro\/index.php?rest_route=%2Fwp%2Fv2%2Fcomments&post=14"}],"version-history":[{"count":20,"href":"http:\/\/teodormoraru.ro\/index.php?rest_route=\/wp\/v2\/pages\/14\/revisions"}],"predecessor-version":[{"id":374,"href":"http:\/\/teodormoraru.ro\/index.php?rest_route=\/wp\/v2\/pages\/14\/revisions\/374"}],"wp:attachment":[{"href":"http:\/\/teodormoraru.ro\/index.php?rest_route=%2Fwp%2Fv2%2Fmedia&parent=14"}],"curies":[{"name":"wp","href":"https:\/\/api.w.org\/{rel}","templated":true}]}}